{"id":750,"date":"2022-02-12T18:35:14","date_gmt":"2022-02-12T18:35:14","guid":{"rendered":"https:\/\/ceramicamartadanes.es\/tienda\/?post_type=product&#038;p=750"},"modified":"2023-10-09T21:45:48","modified_gmt":"2023-10-09T21:45:48","slug":"vaso-con-vela-de-soja-olor-lavanda","status":"publish","type":"product","link":"https:\/\/ceramicamartadanes.es\/tienda\/producte\/vaso-con-vela-de-soja-olor-lavanda\/","title":{"rendered":"Vaso con vela de soja olor lavanda"},"content":{"rendered":"<p>\u00a1Qu\u00e9 pr\u00e1cticas son las piezas multifuncionales!, este vaso de porcelana blanca con relieve, es una opci\u00f3n muy bonita y pr\u00e1ctica todo en un \u00abdos por uno\u00bb o \u00abtres por uno\u00bb, vaso, bote y vela, todo en un mismo pack, una pieza totalmente \u00fanica. Te he Incluido la tapa de corcho, para que una vez gastada la vela la puedas usar como un bote para guardar algodones o puede servir de azucarero&#8230; un bote que puedes lucir precioso en la mesa o dejar en un sitio visible.<\/p>\n<p>Vaso realizado a torno y relieve hecho a mano, cocida a 1250\u202f\u00b0C. con un vidriado satinado muy especial el cual contiene destellos brillantes.<\/p>\n<p>Puede utilizarse al<strong> microondas<\/strong> y poner al <strong>lavavajillas.<\/strong><\/p>\n<p>Medidas:<\/p>\n<p>Cera de la vela: <strong>Cera de soja 100% natural<\/strong>, es una cera conocida por su punto de fusi\u00f3n bajo y no quema con su contacto con la piel.<\/p>\n<p>Olor de la vela: <strong>Lavanda<\/strong><\/p>\n<p>Horas de duraci\u00f3n de la vela: <strong>77\u202fh.<\/strong> (\u00a1tres d\u00edas\u00a0 y un poco m\u00e1s de forma ininterrumpida!)<\/p>\n<p>Gracias por su visita<br \/>\nThank for your visit<br \/>\nMerci de votre visite<\/p>\n<p><span style=\"color: #993366;\">Los env\u00edos se envuelven con materiales reutilizados (de mis propios proveedores) y otros son escogidos por ser biodegradables y de f\u00e1cil reciclado. Me gusta saber que haci\u00e9ndolo as\u00ed, contribuimos a tener un poco mejor nuestro planeta. <\/span><\/p>\n<p><span style=\"color: #993366;\">Si lo deseas para regalo o quieres que personalice una nota, deja tu mensaje en el formulario de contacto.<br \/>\n<\/span><\/p>\n","protected":false},"excerpt":{"rendered":"<p>Vaso de porcelana blanca con relieves y vidriado satinado con destellos brillantes.\u00a0 Vela de soja 100% natural con una larga duraci\u00f3n (77h) con aroma lavanda. Se incluye la tapa de corcho, y convierte el vaso en un bote par guardar todo lo que desees. Realizado a torno y relieves a mano<\/p>\n<p>&nbsp;<\/p>\n","protected":false},"featured_media":751,"comment_status":"open","ping_status":"closed","template":"","meta":{"_joinchat":[]},"product_brand":[],"product_cat":[15],"product_tag":[136,140,38,139,138],"class_list":{"0":"post-750","1":"product","2":"type-product","3":"status-publish","4":"has-post-thumbnail","6":"product_cat-sense-categoria","7":"product_tag-blanco","8":"product_tag-botes","9":"product_tag-porcelana","10":"product_tag-vasos","11":"product_tag-velas","12":"pa_decoracion-a","13":"pa_decoracion-b","15":"first","16":"outofstock","17":"taxable","18":"shipping-taxable","19":"purchasable","20":"product-type-variable"},"jetpack_sharing_enabled":true,"_links":{"self":[{"href":"https:\/\/ceramicamartadanes.es\/tienda\/wp-json\/wp\/v2\/product\/750","targetHints":{"allow":["GET"]}}],"collection":[{"href":"https:\/\/ceramicamartadanes.es\/tienda\/wp-json\/wp\/v2\/product"}],"about":[{"href":"https:\/\/ceramicamartadanes.es\/tienda\/wp-json\/wp\/v2\/types\/product"}],"replies":[{"embeddable":true,"href":"https:\/\/ceramicamartadanes.es\/tienda\/wp-json\/wp\/v2\/comments?post=750"}],"wp:featuredmedia":[{"embeddable":true,"href":"https:\/\/ceramicamartadanes.es\/tienda\/wp-json\/wp\/v2\/media\/751"}],"wp:attachment":[{"href":"https:\/\/ceramicamartadanes.es\/tienda\/wp-json\/wp\/v2\/media?parent=750"}],"wp:term":[{"taxonomy":"product_brand","embeddable":true,"href":"https:\/\/ceramicamartadanes.es\/tienda\/wp-json\/wp\/v2\/product_brand?post=750"},{"taxonomy":"product_cat","embeddable":true,"href":"https:\/\/ceramicamartadanes.es\/tienda\/wp-json\/wp\/v2\/product_cat?post=750"},{"taxonomy":"product_tag","embeddable":true,"href":"https:\/\/ceramicamartadanes.es\/tienda\/wp-json\/wp\/v2\/product_tag?post=750"}],"curies":[{"name":"wp","href":"https:\/\/api.w.org\/{rel}","templated":true}]}}