{"id":3,"date":"2020-11-22T14:06:39","date_gmt":"2020-11-22T14:06:39","guid":{"rendered":"https:\/\/ceramicamartadanes.es\/tienda\/?page_id=3"},"modified":"2024-11-10T18:48:07","modified_gmt":"2024-11-10T18:48:07","slug":"privacy-policy","status":"publish","type":"page","link":"https:\/\/ceramicamartadanes.es\/tienda\/privacy-policy\/","title":{"rendered":"Pol\u00edtica de Privacidad"},"content":{"rendered":"\r\n<p>En aplicaci\u00f3n de lo dispuesto en el\u00a0Reglamento (UE) 2016\/679 del Parlamento Europeo y del Consejo, de 27 de abril de 2016\u00a0y en la\u00a0Ley Org\u00e1nica 3\/2018 de 5 de diciembre, de Protecci\u00f3n de Datos de Car\u00e1cter Personal y garant\u00eda de los derechos digitales. La Pol\u00edtica de Privacidad se debe incluir de manera obligatoria en una p\u00e1gina web cuando \u00e9sta recoja alg\u00fan dato personal del usuario.<\/p>\r\n\r\n\r\n\r\n<p><strong>PROTECCI\u00d3N DE DATOS DE CAR\u00c1CTER PERSONAL<\/strong><br \/>Marta Dan\u00e9s Pons informa a los usuarios de su p\u00e1gina web www.ceramicamartadanes.es a trav\u00e9s de esta Pol\u00edtica de Privacidad sobre el tratamiento y protecci\u00f3n de los datos de car\u00e1cter personal de los usuarios que puedan ser recabados mediante su navegaci\u00f3n o contrataci\u00f3n de servicios que realicen en este portal. El uso de esta web por parte del usuario conlleva la aceptaci\u00f3n por su parte de esta Pol\u00edtica de Privacidad.<br \/>Marta Dan\u00e9s Pons adopta las medidas necesarias para garantizar la seguridad, integridad y confidencialidad de los datos conforme a lo establecido en el Reglamento (UE) 2016\/679 del Parlamento Europeo y del Consejo, de 27 de abril de 2016, relativo a la protecci\u00f3n de las personas f\u00edsicas en lo que respecta al tratamiento de datos personales y a la libre circulaci\u00f3n de los mismos, y en aquello no previsto por este por la Ley Org\u00e1nica 3\/2018 de 5 de diciembre, de Protecci\u00f3n de Datos de Car\u00e1cter Personal y garant\u00eda de los derechos digitales y la Ley 34\/2002, de 11 de julio, de Servicios de la Sociedad de la Informaci\u00f3n y de Comercio Electr\u00f3nico.<br \/>Mediante los formularios de registro del presente sitio web o el env\u00edo de correo electr\u00f3nico, se recogen y tratan datos personales de cada usuario, el tratamiento de los cuales se rige por la presente Pol\u00edtica de Privacidad. Estos datos son necesarios para la gesti\u00f3n y mantenimiento de algunos de los servicios prestados y se incluyen en los ficheros automatizados espec\u00edficos de usuarios de los servicios de Marta dan\u00e9s Pons, debidamente inscritos en el Registro de la Agencia Espa\u00f1ola de Protecci\u00f3n de Datos.<\/p>\r\n\r\n\r\n\r\n<p><strong>RESPONSABLE DEL TRATAMIENTO DE LOS DATOS PERSONALES<\/strong><br \/>El responsable del tratamiento de los datos personales que el usuario facilite al acceder y utilizar el sitio web, es, en calidad de propietario, Marta Dan\u00e9s Pons, con CIF 46236065Q y, con domicilio social en Ctra. Graus-Vielha s\/n \u2013 Serraduy, 22483 Huesca, tel\u00e9fono 665516350 y correo electr\u00f3nico <a href=\"mailto:hola@ceramicamartadanes.es\">hola@ceramicamartadanes.es<\/a><br \/>Marta dan\u00e9s Pons se compromete a aplicar las medidas de seguridad inform\u00e1tica previstas en la normativa citada previamente, con el objetivo de impedir el acceso o uso indebido de los datos, su manipulaci\u00f3n, deterioro o p\u00e9rdida.<\/p>\r\n\r\n\r\n\r\n<p><strong>DURACI\u00d3N DEL ALMACENAMIENTO DE LOS DATOS<\/strong><br \/>Marta Dan\u00e9s Pons, como responsable del tratamiento, se compromete a almacenar y gestionar los datos personales e informaci\u00f3n recogida mediante esta p\u00e1gina web con la debida confidencialidad mientras se mantenga la relaci\u00f3n profesional surgida y la persona interesada no solicite su supresi\u00f3n, y en su caso, por un plazo no superior a 5 a\u00f1os, a contar desde la finalizaci\u00f3n de la relaci\u00f3n comercial establecida entre el usuario y Marta dan\u00e9s Pons. No obstante, el responsable del tratamiento podr\u00e1 conservar, debidamente bloqueados, los datos para atender posibles responsabilidades administrativas o jurisdiccionales.<\/p>\r\n\r\n\r\n\r\n<p><strong>FINALIDADES DEL TRATAMIENTO DE DATOS<\/strong><br \/>Las operaciones, gestiones y procedimientos t\u00e9cnicos, ya sean realizados de forma automatizada como no automatizada, que posibiliten la recogida, almacenamiento, modificaci\u00f3n, transferencia y otras acciones sobre datos de car\u00e1cter personal, tienen la consideraci\u00f3n de tratamiento de datos personales.<br \/>Marta dan\u00e9s Pons trata los datos personales que el usuario nos facilita a trav\u00e9s de www.ceramicamartadanes.es con el fin de incluirlos en la agenda de contactos, gestionar la relaci\u00f3n comercial solicitada y utilizar as\u00ed esta informaci\u00f3n como medio de contacto de dicha empresa. Adem\u00e1s, el tratamiento de estos datos recabados tambi\u00e9n implica gestionar el env\u00edo de la informaci\u00f3n que nos sea solicitada y poder responder a las consultas o cuestiones que el usuario remita a trav\u00e9s del sitio web, facilitando a su vez a los interesados las ofertas de servicios que sean de su inter\u00e9s. Asimismo, se tratar\u00e1n los datos para gestionar el alta del usuario en la p\u00e1gina web, as\u00ed como para realizar todas las gestiones oportunas para llevar a cabo la solicitud de compra de nuestros productos a trav\u00e9s de la cesta de nuestra pagina web.<br \/>Los campos de los registros se deben cumplimentar obligatoriamente para que Marta dan\u00e9s Pons pueda cumplir con las finalidades mencionadas con anterioridad.<br \/>El usuario puede oponerse al env\u00edo de comunicaciones comerciales en cualquier momento mediante el env\u00edo de un mensaje de correo electr\u00f3nico a la direcci\u00f3n indicada supra l\u00edneas.<\/p>\r\n\r\n\r\n\r\n<p><strong>LEGITIMACI\u00d3N PARA EL TRATAMIENTO DE LOS DATOS<\/strong><br \/>El tratamiento de los datos personales que proporciona el usuario se realiza en base a las siguientes bases jur\u00eddicas que legitiman el mismo:<br \/>La contrataci\u00f3n de servicios de Marta Dan\u00e9s Pons y la ejecuci\u00f3n del encargo profesional solicitado, cuyos t\u00e9rminos y condiciones se pondr\u00e1n a disposici\u00f3n del usuario de forma previa a una eventual contrataci\u00f3n. Para poder llevar a cabo esta relaci\u00f3n profesional solicitada, el interesado est\u00e1 obligado a facilitar sus datos.<br \/>El consentimiento libre, espec\u00edfico, informado e inequ\u00edvoco, ya que tras la lectura de la presente Pol\u00edtica de Privacidad el usuario queda informado y, en caso de estar conforme, puede aceptarla mediante una declaraci\u00f3n o una clara acci\u00f3n afirmativa, como el marcado de una casilla que se dispone al efecto.<br \/>En el caso de que el interesado no facilite los citados datos o estos sean err\u00f3neos o inexactos, no podremos atender su solicitud, resultando imposible proporcionarle la informaci\u00f3n solicitada o llevar a cabo la contrataci\u00f3n de los servicios. Por tanto, el responsable del tratamiento, Marta dan\u00e9s Pons, quedar\u00e1 exonerado de toda responsabilidad que pudiera derivarse de la no ejecuci\u00f3n del encargo profesional o de las consecuencias que se deriven de estas informaciones inexactas o err\u00f3neas.<\/p>\r\n\r\n\r\n\r\n<p><strong>COMUNICACI\u00d3N DE DATOS<\/strong><br \/>Con car\u00e1cter general Marta Dan\u00e9s Pons no comunicar\u00e1 estos datos personales a terceros, con la salvedad de que la prestaci\u00f3n de un servicio implique la necesidad de una relaci\u00f3n contractual con un encargado de tratamiento y ello sea estrictamente necesario para gestionar y mantener la relaci\u00f3n entre el usuario y la mencionada empresa, previa autorizaci\u00f3n expresa por parte del usuario. Esto se har\u00e1 s\u00f3lo durante el tiempo imprescindible para posibilitar la ejecuci\u00f3n del contrato de encargo, y en las mismas condiciones y con las mismas responsabilidades que se le exigen al responsable. Una vez finalizado el encargo, el encargado del tratamiento devolver\u00e1 al Responsable los datos personales y suprimir\u00e1 cualquier copia de la que disponga.<br \/>Por otra parte, s\u00f3lo tendr\u00e1n derecho a acceder a estos datos personales los terceros con los que Marta dan\u00e9s Pons tenga una obligaci\u00f3n legal o contractual de facilitarlos, entre los que se incluyen, por ejemplo, el Defensor del Pueblo y Jueces y Tribunales interesados en los procedimientos relacionados con las reclamaciones presentadas.<\/p>\r\n\r\n\r\n\r\n<p><strong>DERECHOS DE LOS INTERESADOS<\/strong><br \/>El usuario podr\u00e1 ejercitar en todo momento, en los t\u00e9rminos establecidos en la legislaci\u00f3n vigente, los derechos de acceso, rectificaci\u00f3n o supresi\u00f3n de datos, solicitar que se limite el tratamiento, oponerse al mismo, solicitar la portabilidad de sus datos, as\u00ed como revocar el consentimiento prestado, derechos reconocidos en el citado Reglamento (UE). El ejercicio de estos derechos puede realizarlo el propio usuario dirigi\u00e9ndose a Marta dan\u00e9s Pons en la direcci\u00f3n de su sede social indicada anteriormente; a trav\u00e9s del env\u00edo de un correo electr\u00f3nico a la siguiente direcci\u00f3n <a href=\"mailto:hola@ceramicamartadanes.es\">hola@ceramicamartadanes.es<\/a> o a la direcci\u00f3n postal: Ctra. Graus-Vielha s\/n \u2013 Serraduy, 22483 Huesca.<br \/>Para el efectivo ejercicio de estos derechos, el usuario deber\u00e1 acreditar su identidad facilitando su nombre y apellidos, fotocopia del DNI o documento identificativo equivalente que acredite su identidad, petici\u00f3n en la que se concrete la solicitud, direcci\u00f3n a efectos de notificaciones, y fecha y firma del solicitante.<br \/>Asimismo, el usuario podr\u00e1 reclamar ante la Agencia Espa\u00f1ola de Protecci\u00f3n de Datos (Autoridad de Control competente en esta materia), especialmente cuando no haya obtenido satisfacci\u00f3n en el ejercicio de sus derechos, mediante escrito dirigido a misma, C\/Jorge Juan, n\u00ba 6, 28001 \u2013 Madrid, o a trav\u00e9s de la web:\u00a0https:\/\/www.agpd.es<\/p>\r\n","protected":false},"excerpt":{"rendered":"<p>En aplicaci\u00f3n de lo dispuesto en el\u00a0Reglamento (UE) 2016\/679 del Parlamento Europeo y del Consejo, de 27 de abril de 2016\u00a0y en la\u00a0Ley Org\u00e1nica 3\/2018 de 5 de diciembre, de Protecci\u00f3n de Datos de Car\u00e1cter Personal y garant\u00eda de los derechos digitales. La Pol\u00edtica de Privacidad se debe incluir de manera obligatoria en una p\u00e1gina [&hellip;]<\/p>\n","protected":false},"author":1,"featured_media":0,"parent":0,"menu_order":0,"comment_status":"closed","ping_status":"open","template":"","meta":{"_joinchat":[],"footnotes":""},"class_list":["post-3","page","type-page","status-publish","hentry"],"jetpack_sharing_enabled":true,"_links":{"self":[{"href":"https:\/\/ceramicamartadanes.es\/tienda\/wp-json\/wp\/v2\/pages\/3","targetHints":{"allow":["GET"]}}],"collection":[{"href":"https:\/\/ceramicamartadanes.es\/tienda\/wp-json\/wp\/v2\/pages"}],"about":[{"href":"https:\/\/ceramicamartadanes.es\/tienda\/wp-json\/wp\/v2\/types\/page"}],"author":[{"embeddable":true,"href":"https:\/\/ceramicamartadanes.es\/tienda\/wp-json\/wp\/v2\/users\/1"}],"replies":[{"embeddable":true,"href":"https:\/\/ceramicamartadanes.es\/tienda\/wp-json\/wp\/v2\/comments?post=3"}],"version-history":[{"count":4,"href":"https:\/\/ceramicamartadanes.es\/tienda\/wp-json\/wp\/v2\/pages\/3\/revisions"}],"predecessor-version":[{"id":2143,"href":"https:\/\/ceramicamartadanes.es\/tienda\/wp-json\/wp\/v2\/pages\/3\/revisions\/2143"}],"wp:attachment":[{"href":"https:\/\/ceramicamartadanes.es\/tienda\/wp-json\/wp\/v2\/media?parent=3"}],"curies":[{"name":"wp","href":"https:\/\/api.w.org\/{rel}","templated":true}]}}